{"id":11,"date":"2019-02-13T16:48:27","date_gmt":"2019-02-13T15:48:27","guid":{"rendered":"http:\/\/elpalodeavellano.com\/?page_id=11"},"modified":"2024-11-21T11:27:20","modified_gmt":"2024-11-21T10:27:20","slug":"accueil","status":"publish","type":"page","link":"https:\/\/www.elpalodeavellano.com\/fr\/","title":{"rendered":"Accueil"},"content":{"rendered":"<div class=\"wpb-content-wrapper\"><p>[vc_row el_class=&#8221;home-2-position&#8221;][vc_column]\n\t\t\t<!-- START Home 2 REVOLUTION SLIDER 6.7.20 --><p class=\"rs-p-wp-fix\"><\/p>\n\t\t\t<rs-module-wrap id=\"rev_slider_1_1_wrapper\" data-source=\"gallery\" style=\"visibility:hidden;background:#FFFFFF;padding:0;margin:0px auto;margin-top:0;margin-bottom:0;\">\n\t\t\t\t<rs-module id=\"rev_slider_1_1\" style=\"\" data-version=\"6.7.20\">\n\t\t\t\t\t<rs-slides style=\"overflow: hidden; position: absolute;\">\n\t\t\t\t\t\t<rs-slide style=\"position: absolute;\" data-key=\"rs-1\" data-title=\"Slide\" data-thumb=\"\/\/www.elpalodeavellano.com\/wp-content\/uploads\/2019\/02\/DSC_0053-100x50.jpg\" data-anim=\"adpr:false;\" data-in=\"o:0;\" data-out=\"a:false;\">\n\t\t\t\t\t\t\t<img decoding=\"async\" src=\"\/\/www.elpalodeavellano.com\/wp-content\/plugins\/revslider\/sr6\/assets\/assets\/dummy.png\" alt=\"\" title=\"DSC_0053\" width=\"2992\" height=\"2000\" class=\"rev-slidebg tp-rs-img rs-lazyload\" data-lazyload=\"\/\/www.elpalodeavellano.com\/wp-content\/uploads\/2019\/02\/DSC_0053.jpg\" data-no-retina>\n<!--\n\t\t\t\t\t\t\t--><h1\n\t\t\t\t\t\t\t\tid=\"slider-1-slide-1-layer-1\" \n\t\t\t\t\t\t\t\tclass=\"rs-layer\"\n\t\t\t\t\t\t\t\tdata-type=\"text\"\n\t\t\t\t\t\t\t\tdata-color=\"rgba(255, 255, 255, 1)\"\n\t\t\t\t\t\t\t\tdata-rsp_ch=\"on\"\n\t\t\t\t\t\t\t\tdata-xy=\"x:c;xo:1px,1px,0,0;y:m;yo:0,0,-59px,-30px;\"\n\t\t\t\t\t\t\t\tdata-text=\"s:64,64,45,26;l:64,64,25,25;fw:400,400,400,700;a:center;\"\n\t\t\t\t\t\t\t\tdata-dim=\"h:59px,59px,auto,auto;\"\n\t\t\t\t\t\t\t\tdata-frame_0=\"y:50px;\"\n\t\t\t\t\t\t\t\tdata-frame_1=\"st:900;sp:1500;sR:900;\"\n\t\t\t\t\t\t\t\tdata-frame_999=\"y:-50px;o:0;e:nothing;st:w;sp:100;sR:6600;\"\n\t\t\t\t\t\t\t\tstyle=\"z-index:5;font-family:'Roboto';\"\n\t\t\t\t\t\t\t>EL PALO DE AVELLANO \n\t\t\t\t\t\t\t<\/h1><!--\n-->\t\t\t\t\t<\/rs-slide>\n\t\t\t\t\t\t<rs-slide style=\"position: absolute;\" data-key=\"rs-4\" data-title=\"Slide\" data-thumb=\"\/\/www.elpalodeavellano.com\/wp-content\/uploads\/2019\/02\/DSC_0041-100x50.jpg\" data-anim=\"adpr:false;\" data-in=\"o:0;\" data-out=\"a:false;\">\n\t\t\t\t\t\t\t<img decoding=\"async\" src=\"\/\/www.elpalodeavellano.com\/wp-content\/plugins\/revslider\/sr6\/assets\/assets\/dummy.png\" alt=\"\" title=\"Accueil\" class=\"rev-slidebg tp-rs-img rs-lazyload\" data-lazyload=\"\/\/www.elpalodeavellano.com\/wp-content\/uploads\/2019\/02\/DSC_0041.jpg\" data-no-retina>\n<!--\n\t\t\t\t\t\t\t--><h1\n\t\t\t\t\t\t\t\tid=\"slider-1-slide-4-layer-1\" \n\t\t\t\t\t\t\t\tclass=\"rs-layer\"\n\t\t\t\t\t\t\t\tdata-type=\"text\"\n\t\t\t\t\t\t\t\tdata-color=\"rgba(255, 255, 255, 1)\"\n\t\t\t\t\t\t\t\tdata-rsp_ch=\"on\"\n\t\t\t\t\t\t\t\tdata-xy=\"x:c;xo:1px,1px,0,0;y:m;yo:0,-61px,-60px,-30px;\"\n\t\t\t\t\t\t\t\tdata-text=\"w:normal,nowrap,nowrap,nowrap;s:64,56,38,24;l:64,25,25,25;fw:400,400,700,700;a:center;\"\n\t\t\t\t\t\t\t\tdata-basealign=\"slide\"\n\t\t\t\t\t\t\t\tdata-frame_0=\"o:1;\"\n\t\t\t\t\t\t\t\tdata-frame_0_chars=\"d:5;y:100%;o:1;rZ:-35deg;\"\n\t\t\t\t\t\t\t\tdata-frame_0_mask=\"u:t;\"\n\t\t\t\t\t\t\t\tdata-frame_1=\"e:power4.inOut;st:300;sp:2000;sR:300;\"\n\t\t\t\t\t\t\t\tdata-frame_1_chars=\"d:5;\"\n\t\t\t\t\t\t\t\tdata-frame_1_mask=\"u:t;\"\n\t\t\t\t\t\t\t\tdata-frame_999=\"o:0;e:power2.in;st:w;sp:100;sR:6400;\"\n\t\t\t\t\t\t\t\tstyle=\"z-index:8;font-family:'Roboto';\"\n\t\t\t\t\t\t\t>Jard\u00edn \n\t\t\t\t\t\t\t<\/h1><!--\n-->\t\t\t\t\t<\/rs-slide>\n\t\t\t\t\t\t<rs-slide style=\"position: absolute;\" data-key=\"rs-8\" data-title=\"Slide\" data-thumb=\"\/\/www.elpalodeavellano.com\/wp-content\/uploads\/2022\/02\/DSC_0145-scaled-100x50.jpg\" data-anim=\"adpr:false;\" data-in=\"o:0;\" data-out=\"a:false;\">\n\t\t\t\t\t\t\t<img decoding=\"async\" src=\"\/\/www.elpalodeavellano.com\/wp-content\/plugins\/revslider\/sr6\/assets\/assets\/dummy.png\" alt=\"\" title=\"DSC_0145\" width=\"2560\" height=\"1711\" class=\"rev-slidebg tp-rs-img rs-lazyload\" data-lazyload=\"\/\/www.elpalodeavellano.com\/wp-content\/uploads\/2022\/02\/DSC_0145-scaled.jpg\" data-no-retina>\n<!--\n\t\t\t\t\t\t\t--><rs-layer\n\t\t\t\t\t\t\t\tid=\"slider-1-slide-8-layer-0\" \n\t\t\t\t\t\t\t\tdata-type=\"text\"\n\t\t\t\t\t\t\t\tdata-rsp_ch=\"on\"\n\t\t\t\t\t\t\t\tdata-xy=\"x:c;y:m;\"\n\t\t\t\t\t\t\t\tdata-text=\"w:normal;s:64,52,39,24;l:64,52,39,24;a:center;\"\n\t\t\t\t\t\t\t\tdata-frame_999=\"o:0;st:w;\"\n\t\t\t\t\t\t\t\tstyle=\"z-index:6;font-family:'Roboto';\"\n\t\t\t\t\t\t\t>ALBERGUE PARA <br \/>\nPEREGRINOS, FAMILIAS, <br \/>\nGRUPOS, SENDERISTAS \n\t\t\t\t\t\t\t<\/rs-layer><!--\n\n\t\t\t\t\t\t\t--><h1\n\t\t\t\t\t\t\t\tid=\"slider-1-slide-8-layer-1\" \n\t\t\t\t\t\t\t\tclass=\"rs-layer\"\n\t\t\t\t\t\t\t\tdata-type=\"text\"\n\t\t\t\t\t\t\t\tdata-color=\"rgba(255, 255, 255, 1)\"\n\t\t\t\t\t\t\t\tdata-rsp_ch=\"on\"\n\t\t\t\t\t\t\t\tdata-xy=\"x:c;y:m;yo:0,0,-59px,-30px;\"\n\t\t\t\t\t\t\t\tdata-text=\"s:20,64,45,26;l:64,64,25,25;fw:400,400,400,700;a:center;\"\n\t\t\t\t\t\t\t\tdata-dim=\"h:59,59px,auto,auto;\"\n\t\t\t\t\t\t\t\tdata-frame_0=\"y:50px;\"\n\t\t\t\t\t\t\t\tdata-frame_1=\"st:900;sp:1500;sR:900;\"\n\t\t\t\t\t\t\t\tdata-frame_999=\"y:-50px;o:0;e:nothing;st:w;sp:100;sR:6600;\"\n\t\t\t\t\t\t\t\tstyle=\"z-index:5;font-family:'Roboto';\"\n\t\t\t\t\t\t\t>\n\n \n\t\t\t\t\t\t\t<\/h1><!--\n\n\t\t\t\t\t\t\t--><rs-layer\n\t\t\t\t\t\t\t\tid=\"slider-1-slide-8-layer-2\" \n\t\t\t\t\t\t\t\tdata-type=\"text\"\n\t\t\t\t\t\t\t\tdata-rsp_ch=\"on\"\n\t\t\t\t\t\t\t\tdata-xy=\"x:c;xo:-14px,-11px,-8px,-4px;yo:511px,421px,319px,196px;\"\n\t\t\t\t\t\t\t\tdata-text=\"w:normal;s:39,32,24,14;l:49,40,30,18;\"\n\t\t\t\t\t\t\t\tdata-frame_999=\"o:0;st:w;\"\n\t\t\t\t\t\t\t\tstyle=\"z-index:7;font-family:'Roboto';\"\n\t\t\t\t\t\t\t>ALBERGUE EN EL CENTRO DE ZUBIRI - NAVARRA \n\t\t\t\t\t\t\t<\/rs-layer><!--\n-->\t\t\t\t\t<\/rs-slide>\n\t\t\t\t\t\t<rs-slide style=\"position: absolute;\" data-key=\"rs-5\" data-title=\"Slide\" data-thumb=\"\/\/www.elpalodeavellano.com\/wp-content\/uploads\/2019\/02\/DSC_0672-100x50.jpg\" data-anim=\"adpr:false;\" data-in=\"o:0;\" data-out=\"a:false;\">\n\t\t\t\t\t\t\t<img decoding=\"async\" src=\"\/\/www.elpalodeavellano.com\/wp-content\/plugins\/revslider\/sr6\/assets\/assets\/dummy.png\" alt=\"\" title=\"Accueil\" class=\"rev-slidebg tp-rs-img rs-lazyload\" data-lazyload=\"\/\/www.elpalodeavellano.com\/wp-content\/uploads\/2019\/02\/DSC_0672.jpg\" data-no-retina>\n<!--\n\t\t\t\t\t\t\t--><h1\n\t\t\t\t\t\t\t\tid=\"slider-1-slide-5-layer-1\" \n\t\t\t\t\t\t\t\tclass=\"rs-layer\"\n\t\t\t\t\t\t\t\tdata-type=\"text\"\n\t\t\t\t\t\t\t\tdata-color=\"rgba(255, 255, 255, 1)\"\n\t\t\t\t\t\t\t\tdata-rsp_ch=\"on\"\n\t\t\t\t\t\t\t\tdata-xy=\"x:c;xo:0,1px,0,0;y:m;yo:0,-61px,-60px,-30px;\"\n\t\t\t\t\t\t\t\tdata-text=\"s:64,56,38,24;l:64,25,25,25;fw:400,400,700,700;a:center;\"\n\t\t\t\t\t\t\t\tdata-frame_0=\"o:1;\"\n\t\t\t\t\t\t\t\tdata-frame_0_chars=\"d:5;y:100%;o:1;rZ:-35deg;\"\n\t\t\t\t\t\t\t\tdata-frame_0_mask=\"u:t;\"\n\t\t\t\t\t\t\t\tdata-frame_1=\"e:power4.inOut;st:300;sp:2000;sR:300;\"\n\t\t\t\t\t\t\t\tdata-frame_1_chars=\"d:5;\"\n\t\t\t\t\t\t\t\tdata-frame_1_mask=\"u:t;\"\n\t\t\t\t\t\t\t\tdata-frame_999=\"o:0;e:power2.in;st:w;sp:100;sR:5850;\"\n\t\t\t\t\t\t\t\tstyle=\"z-index:5;font-family:'Roboto';\"\n\t\t\t\t\t\t\t>Dormitorio m\u00faltiple \n\t\t\t\t\t\t\t<\/h1><!--\n-->\t\t\t\t\t<\/rs-slide>\n\t\t\t\t\t\t<rs-slide style=\"position: absolute;\" data-key=\"rs-6\" data-title=\"Slide\" data-thumb=\"\/\/www.elpalodeavellano.com\/wp-content\/uploads\/2016\/10\/PAO3108-hab-203-1-scaled-100x50.jpg\" data-anim=\"adpr:false;\" data-in=\"o:0;\" data-out=\"a:false;\">\n\t\t\t\t\t\t\t<img decoding=\"async\" src=\"\/\/www.elpalodeavellano.com\/wp-content\/plugins\/revslider\/sr6\/assets\/assets\/dummy.png\" alt=\"\" title=\"_PAO3108 hab 203-1\" width=\"2560\" height=\"1707\" class=\"rev-slidebg tp-rs-img rs-lazyload\" data-lazyload=\"\/\/www.elpalodeavellano.com\/wp-content\/uploads\/2016\/10\/PAO3108-hab-203-1-scaled.jpg\" data-no-retina>\n<!--\n\t\t\t\t\t\t\t--><h1\n\t\t\t\t\t\t\t\tid=\"slider-1-slide-6-layer-1\" \n\t\t\t\t\t\t\t\tclass=\"rs-layer\"\n\t\t\t\t\t\t\t\tdata-type=\"text\"\n\t\t\t\t\t\t\t\tdata-color=\"rgba(255, 255, 255, 1)\"\n\t\t\t\t\t\t\t\tdata-rsp_ch=\"on\"\n\t\t\t\t\t\t\t\tdata-xy=\"x:c;xo:0,1px,0,0;y:m;yo:0,-61px,-60px,-30px;\"\n\t\t\t\t\t\t\t\tdata-text=\"s:64,56,38,24;l:64,25,25,25;fw:400,400,700,700;a:center;\"\n\t\t\t\t\t\t\t\tdata-frame_0=\"o:1;\"\n\t\t\t\t\t\t\t\tdata-frame_0_chars=\"d:5;y:100%;o:1;rZ:-35deg;\"\n\t\t\t\t\t\t\t\tdata-frame_0_mask=\"u:t;\"\n\t\t\t\t\t\t\t\tdata-frame_1=\"e:power4.inOut;st:300;sp:2000;sR:300;\"\n\t\t\t\t\t\t\t\tdata-frame_1_chars=\"d:5;\"\n\t\t\t\t\t\t\t\tdata-frame_1_mask=\"u:t;\"\n\t\t\t\t\t\t\t\tdata-frame_999=\"o:0;e:power2.in;st:w;sp:100;sR:6000;\"\n\t\t\t\t\t\t\t\tstyle=\"z-index:5;font-family:'Roboto';\"\n\t\t\t\t\t\t\t>Habitaci\u00f3n doble \n\t\t\t\t\t\t\t<\/h1><!--\n-->\t\t\t\t\t<\/rs-slide>\n\t\t\t\t\t\t<rs-slide style=\"position: absolute;\" data-key=\"rs-3\" data-title=\"Slide\" data-thumb=\"\/\/www.elpalodeavellano.com\/wp-content\/uploads\/2019\/02\/DSC_1083-100x50.jpg\" data-anim=\"adpr:false;\" data-in=\"o:0;\" data-out=\"a:false;\">\n\t\t\t\t\t\t\t<img decoding=\"async\" src=\"\/\/www.elpalodeavellano.com\/wp-content\/plugins\/revslider\/sr6\/assets\/assets\/dummy.png\" alt=\"\" title=\"Accueil\" class=\"rev-slidebg tp-rs-img rs-lazyload\" data-lazyload=\"\/\/www.elpalodeavellano.com\/wp-content\/uploads\/2019\/02\/DSC_1083.jpg\" data-no-retina>\n<!--\n\t\t\t\t\t\t\t--><h1\n\t\t\t\t\t\t\t\tid=\"slider-1-slide-3-layer-1\" \n\t\t\t\t\t\t\t\tclass=\"rs-layer\"\n\t\t\t\t\t\t\t\tdata-type=\"text\"\n\t\t\t\t\t\t\t\tdata-color=\"rgba(255, 255, 255, 1)\"\n\t\t\t\t\t\t\t\tdata-rsp_ch=\"on\"\n\t\t\t\t\t\t\t\tdata-xy=\"x:c;xo:0,1px,0,0;y:m;yo:0,-61px,-60px,-30px;\"\n\t\t\t\t\t\t\t\tdata-text=\"s:64,56,38,24;l:64,25,25,25;fw:400,400,700,700;a:center;\"\n\t\t\t\t\t\t\t\tdata-frame_0=\"o:1;\"\n\t\t\t\t\t\t\t\tdata-frame_0_chars=\"d:5;y:100%;o:1;rZ:-35deg;\"\n\t\t\t\t\t\t\t\tdata-frame_0_mask=\"u:t;\"\n\t\t\t\t\t\t\t\tdata-frame_1=\"e:power4.inOut;st:300;sp:2000;sR:300;\"\n\t\t\t\t\t\t\t\tdata-frame_1_chars=\"d:5;\"\n\t\t\t\t\t\t\t\tdata-frame_1_mask=\"u:t;\"\n\t\t\t\t\t\t\t\tdata-frame_999=\"o:0;e:power2.in;st:w;sp:100;sR:6200;\"\n\t\t\t\t\t\t\t\tstyle=\"z-index:5;font-family:'Roboto';\"\n\t\t\t\t\t\t\t>Restaurante \n\t\t\t\t\t\t\t<\/h1><!--\n-->\t\t\t\t\t<\/rs-slide>\n\t\t\t\t\t\t<rs-slide style=\"position: absolute;\" data-key=\"rs-2\" data-title=\"Slide\" data-thumb=\"\/\/www.elpalodeavellano.com\/wp-content\/uploads\/2022\/02\/DSC_0089-scaled-100x50.jpg\" data-anim=\"adpr:false;\" data-in=\"o:0;\" data-out=\"a:false;\">\n\t\t\t\t\t\t\t<img decoding=\"async\" src=\"\/\/www.elpalodeavellano.com\/wp-content\/plugins\/revslider\/sr6\/assets\/assets\/dummy.png\" alt=\"\" title=\"DSC_0089\" width=\"2560\" height=\"1711\" class=\"rev-slidebg tp-rs-img rs-lazyload\" data-lazyload=\"\/\/www.elpalodeavellano.com\/wp-content\/uploads\/2022\/02\/DSC_0089-scaled.jpg\" data-no-retina>\n<!--\n\t\t\t\t\t\t\t--><h1\n\t\t\t\t\t\t\t\tid=\"slider-1-slide-2-layer-1\" \n\t\t\t\t\t\t\t\tclass=\"rs-layer\"\n\t\t\t\t\t\t\t\tdata-type=\"text\"\n\t\t\t\t\t\t\t\tdata-color=\"rgba(255, 255, 255, 1)\"\n\t\t\t\t\t\t\t\tdata-rsp_ch=\"on\"\n\t\t\t\t\t\t\t\tdata-xy=\"x:c;y:m;yo:0,0,-60px,-30px;\"\n\t\t\t\t\t\t\t\tdata-text=\"s:64,64,45,26;l:64,64,25,25;fw:400,400,400,700;a:center;\"\n\t\t\t\t\t\t\t\tdata-frame_0=\"x:ran(-250|250);y:ran(-150|150);sX:ran(0|1);sY:ran(0|1);rX:ran(-90|90);rY:ran(-90|90);rZ:ran(-360|360);\"\n\t\t\t\t\t\t\t\tdata-frame_1=\"st:300;sp:1500;sR:300;\"\n\t\t\t\t\t\t\t\tdata-frame_999=\"o:0;e:power2.in;st:w;sp:100;sR:7200;\"\n\t\t\t\t\t\t\t\tstyle=\"z-index:5;font-family:'Roboto';\"\n\t\t\t\t\t\t\t>Sal\u00f3n \n\t\t\t\t\t\t\t<\/h1><!--\n-->\t\t\t\t\t<\/rs-slide>\n\t\t\t\t\t\t<rs-slide style=\"position: absolute;\" data-key=\"rs-7\" data-title=\"Slide\" data-thumb=\"\/\/www.elpalodeavellano.com\/wp-content\/uploads\/2019\/02\/DSC_0517-100x50.jpg\" data-anim=\"adpr:false;\" data-in=\"o:0;\" data-out=\"a:false;\">\n\t\t\t\t\t\t\t<img decoding=\"async\" src=\"\/\/www.elpalodeavellano.com\/wp-content\/plugins\/revslider\/sr6\/assets\/assets\/dummy.png\" alt=\"\" title=\"Accueil\" class=\"rev-slidebg tp-rs-img rs-lazyload\" data-lazyload=\"\/\/www.elpalodeavellano.com\/wp-content\/uploads\/2019\/02\/DSC_0517.jpg\" data-no-retina>\n<!--\n\t\t\t\t\t\t\t--><h1\n\t\t\t\t\t\t\t\tid=\"slider-1-slide-7-layer-1\" \n\t\t\t\t\t\t\t\tclass=\"rs-layer\"\n\t\t\t\t\t\t\t\tdata-type=\"text\"\n\t\t\t\t\t\t\t\tdata-color=\"rgba(255, 255, 255, 1)\"\n\t\t\t\t\t\t\t\tdata-rsp_ch=\"on\"\n\t\t\t\t\t\t\t\tdata-xy=\"x:c;y:m;yo:0,0,-60px,-30px;\"\n\t\t\t\t\t\t\t\tdata-text=\"s:64,64,45,26;l:64,64,25,25;fw:400,400,400,700;a:center;\"\n\t\t\t\t\t\t\t\tdata-frame_0=\"x:ran(-250|250);y:ran(-150|150);sX:ran(0|1);sY:ran(0|1);rX:ran(-90|90);rY:ran(-90|90);rZ:ran(-360|360);\"\n\t\t\t\t\t\t\t\tdata-frame_1=\"st:300;sp:1500;sR:300;\"\n\t\t\t\t\t\t\t\tdata-frame_999=\"o:0;e:power2.in;st:w;sp:100;sR:7200;\"\n\t\t\t\t\t\t\t\tstyle=\"z-index:5;font-family:'Roboto';\"\n\t\t\t\t\t\t\t>\nCAMINO DE SANTIAGO \n\t\t\t\t\t\t\t<\/h1><!--\n-->\t\t\t\t\t<\/rs-slide>\n\t\t\t\t\t<\/rs-slides>\n\t\t\t\t<\/rs-module>\n\t\t\t\t<script>\n\t\t\t\t\tsetREVStartSize({c: 'rev_slider_1_1',rl:[1240,1024,778,480],el:[800,600,500,400],gw:[1240,1024,778,480],gh:[800,600,500,400],type:'standard',justify:'',layout:'fullwidth',mh:\"0\"});if (window.RS_MODULES!==undefined && window.RS_MODULES.modules!==undefined && window.RS_MODULES.modules[\"revslider11\"]!==undefined) {window.RS_MODULES.modules[\"revslider11\"].once = false;window.revapi1 = undefined;if (window.RS_MODULES.checkMinimal!==undefined) window.RS_MODULES.checkMinimal()}\n\t\t\t\t<\/script>\n\t\t\t<\/rs-module-wrap>\n\t\t\t<!-- END REVOLUTION SLIDER -->\n[\/vc_column][\/vc_row][vc_row disable_element=&#8221;yes&#8221;][vc_column][vc_empty_space height=&#8221;95px&#8221;][vc_column_text]<\/p>\n<p style=\"font-weight: 400;\"><span style=\"color: #cc0000;\">COVID19<\/span><\/p>\n<p style=\"font-weight: 400;\"><span style=\"color: #cc0000;\">A titre exceptionnel, la r\u00e9servation de lits superpos\u00e9s se fera pour 2 personnes de la m\u00eame famille ou du m\u00eame groupe. Si vous \u00eates une personne seule, vous devez r\u00e9server un lit normal dans une chambre multiple.<\/span><\/p>\n<p style=\"font-weight: 400;\"><span style=\"color: #cc0000;\">Il est OBLIGATOIRE d&#8217;apporter son propre sac de couchage (dans les chambres multiples), son masque et son gel hydroalcoolique pour son usage personnel. Il est recommand\u00e9 d&#8217;apporter des sacs poubelles individuels pour ranger les chaussures, les v\u00eatements et autres objets. Les couvertures ont \u00e9t\u00e9 enlev\u00e9es et la capacit\u00e9 des chambres multiples a \u00e9t\u00e9 r\u00e9duite.<\/span><\/p>\n<p>[\/vc_column_text][\/vc_column][\/vc_row][vc_row][vc_column][vc_empty_space height=&#8221;95px&#8221;]\n\t<div class=\"thim-sc-heading  \" >\n\t\t<div class=\"article_heading \">\n\t\t\t<p class=\"heading_primary\"  >BIENVENUE \u00c0<\/p>\n\t\t\t<h3  class=\"heading_secondary\">NOTRE AUBERGE<\/h3>\n\t\t\t \n\t\t\t\n\t\t<\/div>\n\t<\/div>[vc_empty_space height=&#8221;20px&#8221;][\/vc_column][\/vc_row][vc_row][vc_column width=&#8221;1\/2&#8243;][vc_column_text css=&#8221;.vc_custom_1550580160839{padding-right: 55px !important;}&#8221; el_class=&#8221;line-height-normal&#8221;]Le &#8220;b\u00e2ton de noisetier&#8221; emprunte son nom \u00e0 la branche de buisson &#8220;corylus avellana&#8221;, utilis\u00e9e comme support par les p\u00e8lerins de Santiago tout au long de l&#8217;histoire. Un outil vraiment utile, simple mais essentiel pour le voyageur en chemin.[\/vc_column_text][\/vc_column][vc_column width=&#8221;1\/2&#8243;][vc_column_text css=&#8221;.vc_custom_1551173731786{padding-right: 55px !important;}&#8221; el_class=&#8221;line-height-normal&#8221;]Rafael et Itziar, ses propri\u00e9taires, ont cr\u00e9\u00e9 la premi\u00e8re auberge de charme en Navarre (Espagne), pionni\u00e8re dans sa conception. Notre auberge est un endroit diff\u00e9rent sur la route, avec une bonne nourriture et un repos confortable.<\/p>\n<p>Nous offrons diff\u00e9rentes possibilit\u00e9s d&#8217;h\u00e9bergement dans des dortoirs spacieux, tous dot\u00e9s d&#8217;une salle de bains int\u00e9rieure. Ce large \u00e9ventail nous permet d&#8217;accueillir de grands groupes d&#8217;amis, des familles, des p\u00e8lerins qui souhaitent dormir avec d&#8217;autres marcheurs ou des voyageurs solitaires qui appr\u00e9cient le confort d&#8217;une chambre priv\u00e9e.[\/vc_column_text][\/vc_column][\/vc_row][vc_row][vc_column][vc_empty_space height=&#8221;60px&#8221;][\/vc_column][\/vc_row][vc_row full_width=&#8221;stretch_row_content_no_spaces&#8221; el_class=&#8221;no-fill-sm category-group&#8221;][vc_column width=&#8221;1\/3&#8243;][vc_single_image image=&#8221;5463&#8243; img_size=&#8221;full&#8221; alignment=&#8221;center&#8221; onclick=&#8221;custom_link&#8221; title=&#8221;CHAMBRES&#8221; link=&#8221;http:\/\/www.elpalodeavellano.com\/fr\/les-chambres\/&#8221;][\/vc_column][vc_column width=&#8221;1\/3&#8243;][vc_single_image image=&#8221;5465&#8243; img_size=&#8221;full&#8221; add_caption=&#8221;yes&#8221; alignment=&#8221;center&#8221; onclick=&#8221;custom_link&#8221; title=&#8221;RESTAURANT&#8221; link=&#8221;http:\/\/www.elpalodeavellano.com\/fr\/le-restaurant\/&#8221;][\/vc_column][vc_column width=&#8221;1\/3&#8243;][vc_single_image image=&#8221;5467&#8243; img_size=&#8221;full&#8221; add_caption=&#8221;yes&#8221; alignment=&#8221;center&#8221; onclick=&#8221;custom_link&#8221; title=&#8221;SERVICES&#8221; link=&#8221;http:\/\/www.elpalodeavellano.com\/fr\/les-services\/&#8221;][\/vc_column][\/vc_row][vc_row][vc_column][vc_empty_space height=&#8221;70px&#8221;][\/vc_column][\/vc_row][vc_row full_width=&#8221;stretch_row&#8221; parallax=&#8221;content-moving&#8221; css=&#8221;.vc_custom_1550156512956{padding-top: 120px !important;padding-bottom: 155px !important;background-image: url(http:\/\/www.elpalodeavellano.com\/wp-content\/uploads\/2019\/02\/ambiente-cenas.jpg?id=3929) !important;}&#8221; el_class=&#8221;testimonial-overlay&#8221;][vc_column]\n\t<div class=\"thim-sc-testimonial left \" data-animation=\"no\" data-auto=\"true\">\n\t\t<h4 class=\"block-title\">OPINIONS DE NOS CLIENTS<\/h4>\n\t\t\t\t\t<div class=\"owl-carousel owl-theme testimonial-slider-left\">\n\t\t\t\t\t\t\t\t\t<div class=\"testimonial-item\">\n\t\t\t\t\t\t<div class=\"testimonial-content\">Fue nuestra primera experiencia en albergue.- Hab\u00edamos hecho una reserva por correo electr\u00f3nico y al llegar nos recibieron muy bien.- Las instalaciones son excelentes.- Los ba\u00f1os c\u00f3modos y limpios.- Est\u00e1 muy preparado para brindar confort y comodidad a los peregrinos.- Muy buena wifi.- Excelente cena y desayuno.- De lo mejor.-<\/div>\n\t\t\t\t\t\t<p class=\"testimonial-rating\"><\/p>\n\t\t\t\t\t\t<h5 class=\"testimonial-name\"> Excelente albergue <\/h5>\n\t\t\t\t\t<\/div>\n\t\t\t\t\t\t\t\t\t<div class=\"testimonial-item\">\n\t\t\t\t\t\t<div class=\"testimonial-content\">La recepcionista un 10, una todoterreno que est\u00e1 en todo.\r\nLa habitaci\u00f3n genial, la zona com\u00fan muy acogedora donde intercambias experiencias con el resto de personas alojadas.\r\nLa cena buen\u00edsima y el desayuno super completo<\/div>\n\t\t\t\t\t\t<p class=\"testimonial-rating\"><\/p>\n\t\t\t\t\t\t<h5 class=\"testimonial-name\"> Todo estupendo <\/h5>\n\t\t\t\t\t<\/div>\n\t\t\t\t\t\t\t\t\t<div class=\"testimonial-item\">\n\t\t\t\t\t\t<div class=\"testimonial-content\">Atenci\u00f3n correcta y amabilidad. Limpieza de ba\u00f1os y habitaciones muy digna. Desayuno incluido muy completo. Las literasuy comodas y el precio en la media de lo que se puede encontrar en las primeras etapas del camino. Facilitan c\u00f3digo para entrar.<\/div>\n\t\t\t\t\t\t<p class=\"testimonial-rating\"><\/p>\n\t\t\t\t\t\t<h5 class=\"testimonial-name\"> Limpieza y comodidad <\/h5>\n\t\t\t\t\t<\/div>\n\t\t\t\t\t\t\t\t\t\t\t<\/div>\n\t\t\t<\/div>\n\n[\/vc_column][\/vc_row][vc_row full_width=&#8221;stretch_row_content_no_spaces&#8221; disable_element=&#8221;yes&#8221;][vc_column][vc_column_text css=&#8221;.vc_custom_1475469716563{margin-top: 20px !important;margin-right: 0px !important;margin-bottom: 0px !important;margin-left: 0px !important;}&#8221;]\t\t<div id=\"sbi_mod_error\" >\n\t\t\t<span>Ce message d\u2019erreur n\u2019est visible que pour les administrateurs de WordPress<\/span><br\/>\n\t\t\t<p><strong>Erreur. Aucun flux trouv\u00e9.<\/strong>\n\t\t\t<p>Veuillez aller sur la page de r\u00e9glages d\u2018Instagram Feed pour connecter votre compte.<\/p>\n\t\t<\/div>\n\t\t[\/vc_column_text][\/vc_column][\/vc_row][vc_row][vc_column][vc_empty_space height=&#8221;60px&#8221;][\/vc_column][\/vc_row][vc_row disable_element=&#8221;yes&#8221; el_class=&#8221;row-post-event&#8221;][vc_column width=&#8221;2\/3&#8243;]\n\t<div class=\"thim-sc-heading  \" >\n\t\t<div class=\"article_heading \">\n\t\t\t<p class=\"heading_primary\"  >FROM<\/p>\n\t\t\t<h3  class=\"heading_secondary\">OUR BLOG<\/h3>\n\t\t\t \n\t\t\t\n\t\t<\/div>\n\t<\/div>[vc_empty_space height=&#8221;45px&#8221;]<div class=\"thim-sc-posts site-content   \"><div class=\"blog-content row\"><article id=\"post-5891\" class=\"col-sm-6 col-md-6 style-1\"><div class=\"content-inner\"><div class=\"entry-top\"><div class=\"thumbnail\"><a href=\"https:\/\/www.elpalodeavellano.com\/fr\/cama-en-habitacion-multiple\/\"><img decoding=\"async\" src=\"https:\/\/www.elpalodeavellano.com\/wp-content\/uploads\/2019\/02\/PAO3097-hab-104-2-scaled-370x300.jpg\" alt=\"Lit en chambre multiple\" title=\"Lit en chambre multiple\"\/><\/a><\/div> <\/div> <div class=\"entry-content\"> <div class=\"entry-meta\"><span class=\"entry-date\">22 novembre 2023<\/span><\/div><header class=\"entry-header\"> <h3 class=\"entry-title\"><a href=\"https:\/\/www.elpalodeavellano.com\/fr\/cama-en-habitacion-multiple\/\" rel=\"bookmark\"> Lit en chambre multiple<\/a><\/h3><\/header><div class=\"readmore\" > <a href = \"https:\/\/www.elpalodeavellano.com\/fr\/cama-en-habitacion-multiple\/\"  ><i class=\"icomoon icon-up\"><\/i> Read More <\/a> <\/div><\/div> <\/div> <\/article> <article id=\"post-5872\" class=\"col-sm-6 col-md-6 style-1\"><div class=\"content-inner\"><div class=\"entry-top\"><div class=\"thumbnail\"><a href=\"https:\/\/www.elpalodeavellano.com\/fr\/habitacion-doble\/\"><img decoding=\"async\" src=\"https:\/\/www.elpalodeavellano.com\/wp-content\/uploads\/2016\/10\/PAO3108-hab-203-1-scaled-370x300.jpg\" alt=\"Chambre double\" title=\"Chambre double\"\/><\/a><\/div> <\/div> <div class=\"entry-content\"> <div class=\"entry-meta\"><span class=\"entry-date\">22 novembre 2023<\/span><\/div><header class=\"entry-header\"> <h3 class=\"entry-title\"><a href=\"https:\/\/www.elpalodeavellano.com\/fr\/habitacion-doble\/\" rel=\"bookmark\"> Chambre double<\/a><\/h3><\/header><div class=\"readmore\" > <a href = \"https:\/\/www.elpalodeavellano.com\/fr\/habitacion-doble\/\"  ><i class=\"icomoon icon-up\"><\/i> Read More <\/a> <\/div><\/div> <\/div> <\/article> <\/div><\/div>[\/vc_column][vc_column width=&#8221;1\/3&#8243;]\n\t<div class=\"thim-sc-heading  \" >\n\t\t<div class=\"article_heading \">\n\t\t\t<p class=\"heading_primary\"  >NEXT<\/p>\n\t\t\t<h3  class=\"heading_secondary\">EVENTS<\/h3>\n\t\t\t \n\t\t\t\n\t\t<\/div>\n\t<\/div>[vc_empty_space height=&#8221;45px&#8221;][\/vc_column][\/vc_row][vc_row][vc_column]\n\t<div class=\"thim-sc-heading  \" >\n\t\t<div class=\"article_heading \">\n\t\t\t<p class=\"heading_primary\"  >CEUX-CI SONT<\/p>\n\t\t\t<h3  class=\"heading_secondary\">NOS CHAMBRES<\/h3>\n\t\t\t \n\t\t\t\n\t\t<\/div>\n\t<\/div>[vc_basic_grid post_type=&#8221;ids&#8221; element_width=&#8221;3&#8243; item=&#8221;5959&#8243; css=&#8221;&#8221; grid_id=&#8221;vc_gid:1732184789607-4d8ca15c-4560-5&#8243; include=&#8221;6124, 6134, 6116, 6143&#8243;][\/vc_column][\/vc_row][vc_row disable_element=&#8221;yes&#8221;][vc_column][vc_empty_space height=&#8221;95px&#8221;]\n\t<div class=\"thim-sc-heading  \" >\n\t\t<div class=\"article_heading \">\n\t\t\t<p class=\"heading_primary\"  >INSTAGRAM<\/p>\n\t\t\t\n\t\t\t \n\t\t\t\n\t\t<\/div>\n\t<\/div>[\/vc_column][\/vc_row][vc_row][vc_column][vc_column_text]<\/p>\n<p style=\"font-size: 2em;\">Visite virtuelle<\/p>\n<p><iframe loading=\"lazy\" style=\"border: 0;\" src=\"https:\/\/www.google.com\/maps\/embed?pb=!4v1549386907500!6m8!1m7!1sCAoSLEFGMVFpcE93WFQyeUNKbFBtdEt3XzZMNTNFRUJLUFBrR1UwcUhKT2h2NGUz!2m2!1d42.930645997304!2d-1.5043816068201!3f188.4924218837813!4f-5.753672329400942!5f0.7820865974627469\" width=\"100%\" height=\"600\" frameborder=\"0\" allowfullscreen=\"allowfullscreen\"><\/iframe>[\/vc_column_text][\/vc_column][\/vc_row][vc_column][vc_empty_space height=&#8221;95px&#8221;][\/vc_column]<\/p>\n<\/div>","protected":false},"excerpt":{"rendered":"<p>[vc_row el_class=&#8221;home-2-position&#8221;][vc_column][\/vc_column][\/vc_row][vc_row disable_element=&#8221;yes&#8221;][vc_column][vc_empty_space height=&#8221;95px&#8221;][vc_column_text] COVID19 A titre exceptionnel, la r\u00e9servation de lits superpos\u00e9s se fera pour 2 personnes de la m\u00eame famille ou du m\u00eame groupe. Si vous \u00eates une personne seule, vous devez r\u00e9server un lit normal dans une chambre multiple. Il est OBLIGATOIRE d&#8217;apporter son propre sac de&#8230;<\/p>\n","protected":false},"author":1,"featured_media":0,"parent":0,"menu_order":0,"comment_status":"closed","ping_status":"closed","template":"templates\/home-page.php","meta":{"footnotes":""},"class_list":["post-11","page","type-page","status-publish","hentry"],"_links":{"self":[{"href":"https:\/\/www.elpalodeavellano.com\/fr\/wp-json\/wp\/v2\/pages\/11","targetHints":{"allow":["GET"]}}],"collection":[{"href":"https:\/\/www.elpalodeavellano.com\/fr\/wp-json\/wp\/v2\/pages"}],"about":[{"href":"https:\/\/www.elpalodeavellano.com\/fr\/wp-json\/wp\/v2\/types\/page"}],"author":[{"embeddable":true,"href":"https:\/\/www.elpalodeavellano.com\/fr\/wp-json\/wp\/v2\/users\/1"}],"replies":[{"embeddable":true,"href":"https:\/\/www.elpalodeavellano.com\/fr\/wp-json\/wp\/v2\/comments?post=11"}],"version-history":[{"count":25,"href":"https:\/\/www.elpalodeavellano.com\/fr\/wp-json\/wp\/v2\/pages\/11\/revisions"}],"predecessor-version":[{"id":6270,"href":"https:\/\/www.elpalodeavellano.com\/fr\/wp-json\/wp\/v2\/pages\/11\/revisions\/6270"}],"wp:attachment":[{"href":"https:\/\/www.elpalodeavellano.com\/fr\/wp-json\/wp\/v2\/media?parent=11"}],"curies":[{"name":"wp","href":"https:\/\/api.w.org\/{rel}","templated":true}]}}