{"id":364,"date":"2019-02-13T16:25:42","date_gmt":"2019-02-13T16:25:42","guid":{"rendered":"http:\/\/elpalodeavellano.com\/hotel-term-condition\/"},"modified":"2019-02-19T17:37:23","modified_gmt":"2019-02-19T17:37:23","slug":"termes-et-conditions","status":"publish","type":"page","link":"https:\/\/www.elpalodeavellano.com\/fr\/termes-et-conditions\/","title":{"rendered":"Termes et conditions"},"content":{"rendered":"<div class=\"wpb-content-wrapper\"><p>[vc_row][vc_column][vc_column_text]<strong>PROTECTION DE DONN\u00c9ES<\/strong><\/p>\n<p>Responsable: INVERSIONES EL PALO DE AVELLANO S.L. &#8211; NIF: B-31912173 &#8211; Adresse postale: Avenida Roncesvalles 16, Zubiri (Navarre), Espagne &#8211; T\u00e9l\u00e9phone: 948304770 &#8211; E-mail: info@elpalodeavellano.com<\/p>\n<p>Au nom de la soci\u00e9t\u00e9, nous traitons les informations que vous nous fournissez afin de leur fournir le service demand\u00e9, nous les facturons. Les donn\u00e9es fournies seront conserv\u00e9es tant que la relation commerciale sera maintenue ou pendant les ann\u00e9es n\u00e9cessaires pour respecter les obligations l\u00e9gales. Les donn\u00e9es ne seront pas transmises \u00e0 des tiers, sauf dans les cas d&#8217;obligation l\u00e9gale. Vous avez le droit d&#8217;obtenir une confirmation quant \u00e0 savoir si nous traitons vos donn\u00e9es personnelles au sein de la soci\u00e9t\u00e9. Vous avez donc le droit d&#8217;acc\u00e9der \u00e0 vos donn\u00e9es personnelles, de corriger des donn\u00e9es inexactes ou de demander leur suppression lorsque les donn\u00e9es ne sont plus n\u00e9cessaires.<\/p>\n<p><strong>CONDITIONS D&#8217;H\u00c9BERGEMENT<\/strong><\/p>\n<p>R\u00c9CEPTION: 13h00-18h00<br \/>\nFERMETURE: 22h00. Chaque client re\u00e7oit une carte magn\u00e9tique pour entrer plus tard en respectant le silence.<\/p>\n<p>PAIEMENT<br \/>\nLe client devra fournir un num\u00e9ro de carte de cr\u00e9dit \/ carte de d\u00e9bit comme garantie; Une fois dans<br \/>\nl&#8221;auberge on peut payer le s\u00e9jour bien en esp\u00e8ces ou par carte.<\/p>\n<p>ANNULATION:<br \/>\nSi vous annulez ou modifiez la r\u00e9servation avant 11 heures le jour de l&#8221;arriv\u00e9e, l&#8221;\u00e9tablissement ne se charge pas tout montant; En dehors de cette p\u00e9riode, l&#8221;auberge se r\u00e9serve le droit de facturer la premi\u00e8re nuit sur la carte de cr\u00e9dit \/ d\u00e9bit et le reste du s\u00e9jour sera annul\u00e9e le cas \u00e9ch\u00e9ant. Dans le cas o\u00f9 la carte n&#8221;est pas valide, nous proc\u00e9derons \u00e0 l&#8221;annulation de la r\u00e9servation.<\/p>\n<p>MODIFICATION DE R\u00c9SERVATION:<br \/>\nLes r\u00e9servations seront modifi\u00e9es \u00e0 condition qu&#8221;elles soient bien communiqu\u00e9es \u00e0 l&#8221;avance et ne modifient pas les r\u00e9serves restantes que l&#8221;auberge a pour ces dates. Pour toute modification, contactez-nous par t\u00e9l\u00e9phone (+ 34) 666 499 175<\/p>\n<p>AUTRES INFORMATIONS:<br \/>\nFerm\u00e9 de fin Octobre \u00e0 la mi-Mars (ouvert exceptionnellement pour les groupes de plus de 40 personnes avec r\u00e9servation)<br \/>\nPetit d\u00e9jeuner toujours compris<br \/>\nR\u00e9servations groupes: par courrier ou t\u00e9l\u00e9phone.L&#8221;h\u00f4tel peut demander un non remboursable avance 30% du total.<br \/>\nChaque lit en dortoir est fourni d&#8221;un oreiller et une couverture.[\/vc_column_text][\/vc_column][\/vc_row]<\/p>\n<\/div>","protected":false},"excerpt":{"rendered":"<p>[vc_row][vc_column][vc_column_text]PROTECTION DE DONN\u00c9ES Responsable: INVERSIONES EL PALO DE AVELLANO S.L. &#8211; NIF: B-31912173 &#8211; Adresse postale: Avenida Roncesvalles 16, Zubiri (Navarre), Espagne &#8211; T\u00e9l\u00e9phone: 948304770 &#8211; E-mail: info@elpalodeavellano.com Au nom de la soci\u00e9t\u00e9, nous traitons les informations que vous nous fournissez afin de leur fournir le service demand\u00e9, nous les&#8230;<\/p>\n","protected":false},"author":1,"featured_media":0,"parent":0,"menu_order":0,"comment_status":"closed","ping_status":"closed","template":"","meta":{"footnotes":""},"class_list":["post-364","page","type-page","status-publish","hentry"],"_links":{"self":[{"href":"https:\/\/www.elpalodeavellano.com\/fr\/wp-json\/wp\/v2\/pages\/364","targetHints":{"allow":["GET"]}}],"collection":[{"href":"https:\/\/www.elpalodeavellano.com\/fr\/wp-json\/wp\/v2\/pages"}],"about":[{"href":"https:\/\/www.elpalodeavellano.com\/fr\/wp-json\/wp\/v2\/types\/page"}],"author":[{"embeddable":true,"href":"https:\/\/www.elpalodeavellano.com\/fr\/wp-json\/wp\/v2\/users\/1"}],"replies":[{"embeddable":true,"href":"https:\/\/www.elpalodeavellano.com\/fr\/wp-json\/wp\/v2\/comments?post=364"}],"version-history":[{"count":4,"href":"https:\/\/www.elpalodeavellano.com\/fr\/wp-json\/wp\/v2\/pages\/364\/revisions"}],"predecessor-version":[{"id":4186,"href":"https:\/\/www.elpalodeavellano.com\/fr\/wp-json\/wp\/v2\/pages\/364\/revisions\/4186"}],"wp:attachment":[{"href":"https:\/\/www.elpalodeavellano.com\/fr\/wp-json\/wp\/v2\/media?parent=364"}],"curies":[{"name":"wp","href":"https:\/\/api.w.org\/{rel}","templated":true}]}}