{"id":4586,"date":"2022-02-14T12:32:59","date_gmt":"2022-02-14T11:32:59","guid":{"rendered":"https:\/\/elpalodeavellano.com\/?page_id=4586"},"modified":"2022-02-14T12:35:10","modified_gmt":"2022-02-14T11:35:10","slug":"politique-relative-aux-cookies","status":"publish","type":"page","link":"https:\/\/www.elpalodeavellano.com\/fr\/politique-relative-aux-cookies\/","title":{"rendered":"Politique relative aux cookies"},"content":{"rendered":"<div class=\"wpb-content-wrapper\"><p>[vc_row][vc_column][vc_column_text]<\/p>\n<p><strong>INVERSIONES EL PALO DE AVELLANO SL\u00a0<\/strong>utiliza cookies con la finalidad de prestarle\u00a0 una mejor experiencia en su navegaci\u00f3n. Asimismo, en caso de que preste su\u00a0 consentimiento, utilizaremos cookies que nos permitan obtener m\u00e1s informaci\u00f3n acerca de\u00a0 sus preferencias y personalizar nuestro Sitio Web de conformidad con sus intereses\u00a0 individuales, para que tenga una navegaci\u00f3n m\u00e1s fluida y personalizada.<\/p>\n<p>Desde\u00a0<strong>INVERSIONES EL PALO DE AVELLANO SL\u00a0<\/strong>queremos informarle de manera clara\u00a0 y precisa sobre las cookies que utilizamos en nuestro sitio web. En caso de que quiera\u00a0 obtener m\u00e1s informaci\u00f3n sobre el uso y la finalidad que hacemos de las cookies\u00a0 implementadas en nuestro sitio web, puede escribir un correo electr\u00f3nico a\u00a0<strong>INVERSIONES EL PALO DE AVELLANO SL\u00a0<\/strong><\/p>\n<p><strong><em>\u00bfQu\u00e9 es una cookie?\u00a0<\/em><\/strong><\/p>\n<p>Una cookie es un peque\u00f1o archivo que se descarga en el ordenador, tablet o smartphone\u00a0 del usuario, con la finalidad de almacenar datos e informaci\u00f3n que podr\u00e1n ser actualizados\u00a0 y recuperados por la entidad responsable de su instalaci\u00f3n.<\/p>\n<p>La informaci\u00f3n recabada a trav\u00e9s de las cookies puede incluir la fecha y hora de visitas al\u00a0 sitio web, las distintas pesta\u00f1as que usted ha visionado o el tiempo que ha permanecido en\u00a0 el mismo.<\/p>\n<p>Las cookies de este sitio web no almacenan informaci\u00f3n confidencial como su nombre,\u00a0 direcci\u00f3n, etc., no obstante, si desea restringir, bloquear o eliminar las cookies de este sitio\u00a0 web o de cualquier otro, puede configurar su navegador para rechazar o aceptar las mismas\u00a0 o para que estas \u00e9stas sean eliminadas de forma autom\u00e1tica una vez cierre el navegador o\u00a0 apague el ordenador o dispositivo m\u00f3vil.<\/p>\n<p><strong><em>\u00bfQu\u00e9 tipos de cookies utiliza\u00a0<\/em><\/strong><strong>INVERSIONES EL PALO DE AVELLANO SL?\u00a0<\/strong><\/p>\n<p>Seg\u00fan el plazo de tiempo que permanecen activas las cookies pueden ser:<\/p>\n<ul>\n<li><strong>Cookies de sesi\u00f3n:\u00a0<\/strong>dise\u00f1adas para recabar y almacenar datos mientras el usuario\u00a0accede a una p\u00e1gina web. Se suelen emplear para almacenar informaci\u00f3n que s\u00f3lo\u00a0interesa conservar para la prestaci\u00f3n del servicio solicitado por el usuario en una sola\u00a0\u00a0ocasi\u00f3n (por ejemplo, una lista de productos adquiridos).<\/li>\n<li><strong>Cookies persistentes<\/strong><strong>:\u00a0<\/strong>Son un tipo de cookies por las que los datos siguen\u00a0almacenados en el terminal y puede accederse a ellos y ser tratados durante un periodo\u00a0definido. Tienen fecha de borrado. Se utilizan por ejemplo en el proceso de compra o\u00a0\u00a0registro para evitar tener que introducir nuestros datos constantemente.<\/li>\n<\/ul>\n<p>Seg\u00fan quien sea la entidad que gestione el equipo o dominio desde donde se env\u00edan las\u00a0\u00a0cookies y trate los datos que se obtengan, podemos distinguir:<\/p>\n<p>La informaci\u00f3n contenida en este documento es de USO INTERNO, propiedad del INVERSIONES EL PALO DE AVELLANO SL Queda prohibida su reproducci\u00f3n y su traslado fuera de las instalaciones del INVERSIONES EL PALO DE AVELLANO SL<\/p>\n<p><strong><em>INVERSIONES EL PALO DE AVELLANO SL\u00a0<\/em><\/strong><strong>Informe de Consultor\u00eda LSSI-CE<\/strong><\/p>\n<ul>\n<li><strong>Cookies propias<\/strong><strong>:\u00a0<\/strong>Son aquellas que se env\u00edan al dispositivo del usuario gestionadas\u00a0exclusivamente por nosotros.<\/li>\n<li><strong>Cookies de terceros<\/strong><strong>:\u00a0<\/strong>Son aquellas que se env\u00edan al dispositivo del usuario desde un\u00a0equipo o dominio que no es gestionado por nosotros sino por otra entidad, que tratar\u00e1\u00a0los datos obtenidos.\u00a0Cuando navegue por\u00a0INVERSIONES EL PALO DE AVELLANO SL\u00a0se pueden instalar en\u00a0\u00a0tu dispositivo las siguientes cookies:<\/li>\n<\/ul>\n<p>Seg\u00fan la finalidad para las que se traten los datos obtenidos a trav\u00e9s de ellas, las cookies\u00a0\u00a0pueden ser<\/p>\n<table border=\"1\">\n<tbody>\n<tr>\n<td>Nombre<\/td>\n<td>Descripci\u00f3n<\/td>\n<td>Finalidad<\/td>\n<\/tr>\n<tr>\n<td><strong>Tipo 1\u00a0<\/strong><\/td>\n<td><strong>Cookies t\u00e9cnicas<\/strong><\/td>\n<td>Permiten al usuario la navegaci\u00f3n a trav\u00e9s de una p\u00e1gina\u00a0 web, plataforma o aplicaci\u00f3n y la utilizaci\u00f3n de las diferentes\u00a0 opciones o servicios que en ella existan, incluyendo aquellas\u00a0 que el editor utiliza para permitir la gesti\u00f3n y operativa de la\u00a0 p\u00e1gina web y habilitar sus funciones y servicios, como, por\u00a0 ejemplo, controlar el tr\u00e1fico y la comunicaci\u00f3n de datos,\u00a0 identificar la sesi\u00f3n acceder a partes de acceso restringido,\u00a0 entre otras funcionalidades<\/td>\n<\/tr>\n<tr>\n<td><strong>Tipo 2<\/strong><\/td>\n<td><strong>Cookies de\u00a0\u00a0<\/strong><\/p>\n<p><strong>preferencia o\u00a0\u00a0<\/strong><\/p>\n<p><strong>personalizaci\u00f3n<\/strong><\/td>\n<td>Permiten recordar informaci\u00f3n para que el usuario acceda\u00a0 al servicio con determinadas caracter\u00edsticas que pueden\u00a0 diferenciar su experiencia de la de otros usuarios, como, por\u00a0 ejemplo, el idioma, el n\u00famero de resultados a mostrar\u00a0 cuando el usuario realiza una b\u00fasqueda, el aspecto o\u00a0 contenido del servicio en funci\u00f3n del tipo de navegador a\u00a0 trav\u00e9s del cual el usuario accede al servicio o de la regi\u00f3n\u00a0 desde la que accede al servicio, etc.<\/td>\n<\/tr>\n<tr>\n<td><strong>Tipo 3<\/strong><\/td>\n<td><strong>Cookies de\u00a0\u00a0<\/strong><\/p>\n<p><strong>an\u00e1lisis o\u00a0\u00a0<\/strong><\/p>\n<p><strong>medici\u00f3n<\/strong><\/td>\n<td>Son aquellas que permiten al responsable de las mismas el\u00a0 seguimiento y an\u00e1lisis del comportamiento de los usuarios\u00a0 de los sitios web a los que est\u00e1n vinculadas, incluida la\u00a0 cuantificaci\u00f3n de los impactos de los anuncios. La\u00a0 informaci\u00f3n recogida mediante este tipo de cookies se\u00a0 utiliza en la medici\u00f3n de la actividad de los sitios web,\u00a0 aplicaci\u00f3n o plataforma, con el fin de introducir mejoras en\u00a0 funci\u00f3n del an\u00e1lisis de los datos de uso que hacen los\u00a0 usuarios del servicio.<\/td>\n<\/tr>\n<tr>\n<td><strong>Tipo 4<\/strong><\/td>\n<td><strong>Cookies de\u00a0\u00a0<\/strong><\/p>\n<p><strong>publicidad\u00a0\u00a0<\/strong><\/p>\n<p><strong>comportamental<\/strong><\/td>\n<td>Son aquellas que almacenan informaci\u00f3n del\u00a0 comportamiento de los usuarios obtenida a trav\u00e9s de la\u00a0 observaci\u00f3n continuada de sus h\u00e1bitos de navegaci\u00f3n, lo\u00a0 que permite desarrollar un perfil espec\u00edfico para mostrar\u00a0 publicidad en funci\u00f3n del mismo.<\/td>\n<\/tr>\n<\/tbody>\n<\/table>\n<p>[\/vc_column_text][\/vc_column][\/vc_row]<\/p>\n<\/div>","protected":false},"excerpt":{"rendered":"<p>[vc_row][vc_column][vc_column_text] INVERSIONES EL PALO DE AVELLANO SL\u00a0utiliza cookies con la finalidad de prestarle\u00a0 una mejor experiencia en su navegaci\u00f3n. Asimismo, en caso de que preste su\u00a0 consentimiento, utilizaremos cookies que nos permitan obtener m\u00e1s informaci\u00f3n acerca de\u00a0 sus preferencias y personalizar nuestro Sitio Web de conformidad con sus intereses\u00a0 individuales,&#8230;<\/p>\n","protected":false},"author":1,"featured_media":0,"parent":0,"menu_order":0,"comment_status":"closed","ping_status":"closed","template":"","meta":{"footnotes":""},"class_list":["post-4586","page","type-page","status-publish","hentry"],"_links":{"self":[{"href":"https:\/\/www.elpalodeavellano.com\/fr\/wp-json\/wp\/v2\/pages\/4586","targetHints":{"allow":["GET"]}}],"collection":[{"href":"https:\/\/www.elpalodeavellano.com\/fr\/wp-json\/wp\/v2\/pages"}],"about":[{"href":"https:\/\/www.elpalodeavellano.com\/fr\/wp-json\/wp\/v2\/types\/page"}],"author":[{"embeddable":true,"href":"https:\/\/www.elpalodeavellano.com\/fr\/wp-json\/wp\/v2\/users\/1"}],"replies":[{"embeddable":true,"href":"https:\/\/www.elpalodeavellano.com\/fr\/wp-json\/wp\/v2\/comments?post=4586"}],"version-history":[{"count":2,"href":"https:\/\/www.elpalodeavellano.com\/fr\/wp-json\/wp\/v2\/pages\/4586\/revisions"}],"predecessor-version":[{"id":4588,"href":"https:\/\/www.elpalodeavellano.com\/fr\/wp-json\/wp\/v2\/pages\/4586\/revisions\/4588"}],"wp:attachment":[{"href":"https:\/\/www.elpalodeavellano.com\/fr\/wp-json\/wp\/v2\/media?parent=4586"}],"curies":[{"name":"wp","href":"https:\/\/api.w.org\/{rel}","templated":true}]}}